{"id":471,"date":"2024-08-04T20:31:40","date_gmt":"2024-08-04T20:31:40","guid":{"rendered":"https:\/\/aventura.bastiaanlovers.com\/?page_id=471"},"modified":"2024-08-09T06:15:38","modified_gmt":"2024-08-09T06:15:38","slug":"over-ons","status":"publish","type":"page","link":"https:\/\/aventura.bastiaanlovers.com\/de\/over-ons\/","title":{"rendered":"\u00dcber uns"},"content":{"rendered":"<div data-elementor-type=\"wp-page\" data-elementor-id=\"471\" class=\"elementor elementor-471\" data-elementor-post-type=\"page\">\n\t\t\t\t<div class=\"elementor-element elementor-element-54570d0 e-flex e-con-boxed e-con e-parent\" data-id=\"54570d0\" data-element_type=\"container\">\n\t\t\t\t\t<div class=\"e-con-inner\">\n\t\t\t\t<div class=\"elementor-element elementor-element-856ccf5 elementor-widget elementor-widget-heading\" data-id=\"856ccf5\" data-element_type=\"widget\" data-widget_type=\"heading.default\">\n\t\t\t\t<div class=\"elementor-widget-container\">\n\t\t\t<style>\/*! elementor - v3.23.0 - 05-08-2024 *\/\n.elementor-heading-title{padding:0;margin:0;line-height:1}.elementor-widget-heading .elementor-heading-title[class*=elementor-size-]>a{color:inherit;font-size:inherit;line-height:inherit}.elementor-widget-heading .elementor-heading-title.elementor-size-small{font-size:15px}.elementor-widget-heading .elementor-heading-title.elementor-size-medium{font-size:19px}.elementor-widget-heading .elementor-heading-title.elementor-size-large{font-size:29px}.elementor-widget-heading .elementor-heading-title.elementor-size-xl{font-size:39px}.elementor-widget-heading .elementor-heading-title.elementor-size-xxl{font-size:59px}<\/style><h2 class=\"elementor-heading-title elementor-size-default\">\u00dcber uns <\/h2>\t\t<\/div>\n\t\t\t\t<\/div>\n\t\t\t\t<div class=\"elementor-element elementor-element-55296c2 elementor-widget-divider--view-line elementor-widget elementor-widget-divider\" data-id=\"55296c2\" data-element_type=\"widget\" data-widget_type=\"divider.default\">\n\t\t\t\t<div class=\"elementor-widget-container\">\n\t\t\t<style>\/*! elementor - v3.23.0 - 05-08-2024 *\/\n.elementor-widget-divider{--divider-border-style:none;--divider-border-width:1px;--divider-color:#0c0d0e;--divider-icon-size:20px;--divider-element-spacing:10px;--divider-pattern-height:24px;--divider-pattern-size:20px;--divider-pattern-url:none;--divider-pattern-repeat:repeat-x}.elementor-widget-divider .elementor-divider{display:flex}.elementor-widget-divider .elementor-divider__text{font-size:15px;line-height:1;max-width:95%}.elementor-widget-divider .elementor-divider__element{margin:0 var(--divider-element-spacing);flex-shrink:0}.elementor-widget-divider .elementor-icon{font-size:var(--divider-icon-size)}.elementor-widget-divider .elementor-divider-separator{display:flex;margin:0;direction:ltr}.elementor-widget-divider--view-line_icon .elementor-divider-separator,.elementor-widget-divider--view-line_text .elementor-divider-separator{align-items:center}.elementor-widget-divider--view-line_icon .elementor-divider-separator:after,.elementor-widget-divider--view-line_icon .elementor-divider-separator:before,.elementor-widget-divider--view-line_text .elementor-divider-separator:after,.elementor-widget-divider--view-line_text .elementor-divider-separator:before{display:block;content:\"\";border-block-end:0;flex-grow:1;border-block-start:var(--divider-border-width) var(--divider-border-style) var(--divider-color)}.elementor-widget-divider--element-align-left .elementor-divider .elementor-divider-separator>.elementor-divider__svg:first-of-type{flex-grow:0;flex-shrink:100}.elementor-widget-divider--element-align-left .elementor-divider-separator:before{content:none}.elementor-widget-divider--element-align-left .elementor-divider__element{margin-left:0}.elementor-widget-divider--element-align-right .elementor-divider .elementor-divider-separator>.elementor-divider__svg:last-of-type{flex-grow:0;flex-shrink:100}.elementor-widget-divider--element-align-right .elementor-divider-separator:after{content:none}.elementor-widget-divider--element-align-right .elementor-divider__element{margin-right:0}.elementor-widget-divider--element-align-start .elementor-divider .elementor-divider-separator>.elementor-divider__svg:first-of-type{flex-grow:0;flex-shrink:100}.elementor-widget-divider--element-align-start .elementor-divider-separator:before{content:none}.elementor-widget-divider--element-align-start .elementor-divider__element{margin-inline-start:0}.elementor-widget-divider--element-align-end .elementor-divider .elementor-divider-separator>.elementor-divider__svg:last-of-type{flex-grow:0;flex-shrink:100}.elementor-widget-divider--element-align-end .elementor-divider-separator:after{content:none}.elementor-widget-divider--element-align-end .elementor-divider__element{margin-inline-end:0}.elementor-widget-divider:not(.elementor-widget-divider--view-line_text):not(.elementor-widget-divider--view-line_icon) .elementor-divider-separator{border-block-start:var(--divider-border-width) var(--divider-border-style) var(--divider-color)}.elementor-widget-divider--separator-type-pattern{--divider-border-style:none}.elementor-widget-divider--separator-type-pattern.elementor-widget-divider--view-line .elementor-divider-separator,.elementor-widget-divider--separator-type-pattern:not(.elementor-widget-divider--view-line) .elementor-divider-separator:after,.elementor-widget-divider--separator-type-pattern:not(.elementor-widget-divider--view-line) .elementor-divider-separator:before,.elementor-widget-divider--separator-type-pattern:not([class*=elementor-widget-divider--view]) .elementor-divider-separator{width:100%;min-height:var(--divider-pattern-height);-webkit-mask-size:var(--divider-pattern-size) 100%;mask-size:var(--divider-pattern-size) 100%;-webkit-mask-repeat:var(--divider-pattern-repeat);mask-repeat:var(--divider-pattern-repeat);background-color:var(--divider-color);-webkit-mask-image:var(--divider-pattern-url);mask-image:var(--divider-pattern-url)}.elementor-widget-divider--no-spacing{--divider-pattern-size:auto}.elementor-widget-divider--bg-round{--divider-pattern-repeat:round}.rtl .elementor-widget-divider .elementor-divider__text{direction:rtl}.e-con-inner>.elementor-widget-divider,.e-con>.elementor-widget-divider{width:var(--container-widget-width,100%);--flex-grow:var(--container-widget-flex-grow)}<\/style>\t\t<div class=\"elementor-divider\">\n\t\t\t<span class=\"elementor-divider-separator\">\n\t\t\t\t\t\t<\/span>\n\t\t<\/div>\n\t\t\t\t<\/div>\n\t\t\t\t<\/div>\n\t\t<div class=\"elementor-element elementor-element-4347b57 e-con-full e-flex e-con e-child\" data-id=\"4347b57\" data-element_type=\"container\">\n\t\t<div class=\"elementor-element elementor-element-a086db3 e-con-full e-flex e-con e-child\" data-id=\"a086db3\" data-element_type=\"container\">\n\t\t\t\t<div class=\"elementor-element elementor-element-3744c42 elementor-widget elementor-widget-text-editor\" data-id=\"3744c42\" data-element_type=\"widget\" data-widget_type=\"text-editor.default\">\n\t\t\t\t<div class=\"elementor-widget-container\">\n\t\t\t<style>\/*! elementor - v3.23.0 - 05-08-2024 *\/\n.elementor-widget-text-editor.elementor-drop-cap-view-stacked .elementor-drop-cap{background-color:#69727d;color:#fff}.elementor-widget-text-editor.elementor-drop-cap-view-framed .elementor-drop-cap{color:#69727d;border:3px solid;background-color:transparent}.elementor-widget-text-editor:not(.elementor-drop-cap-view-default) .elementor-drop-cap{margin-top:8px}.elementor-widget-text-editor:not(.elementor-drop-cap-view-default) .elementor-drop-cap-letter{width:1em;height:1em}.elementor-widget-text-editor .elementor-drop-cap{float:left;text-align:center;line-height:1;font-size:50px}.elementor-widget-text-editor .elementor-drop-cap-letter{display:inline-block}<\/style>\t\t\t\t<p>Mein Name ist Geoffrey van Bolhuis, verheiratet mit Simone und beide gleich jung, 56 Jahre alt, mit 2 gemeinsamen T\u00f6chtern, einer reizenden Schwiegertochter und einem ebenfalls sehr reizenden Schwiegersohn. Zusammengehalten wird das Ganze von 2 Hunden, und zusammen bilden wir also \"Casa di Zoetermeer\".<\/p><p>Wir sind seit 2013 Gesch\u00e4ftspartner und bilden das Herzst\u00fcck von Aventura. Mein Weg in die Welt der Teppiche wird zum Teil von Simone unterst\u00fctzt, und gemeinsam haben wir es in den letzten Jahren geschafft, mehrere Vertreter an unsere Marke zu binden. Diese Agenten st\u00e4rken uns beim Aufbau dieses sch\u00f6nen Unternehmens, das noch in den Kinderschuhen steckt. Auch diese Teamplayer werden wir Ihnen sp\u00e4ter vorstellen.<\/p>\t\t\t\t\t\t<\/div>\n\t\t\t\t<\/div>\n\t\t\t\t<\/div>\n\t\t<div class=\"elementor-element elementor-element-b1508ee e-con-full e-flex e-con e-child\" data-id=\"b1508ee\" data-element_type=\"container\">\n\t\t\t\t<div class=\"elementor-element elementor-element-5451489 elementor-widget elementor-widget-image\" data-id=\"5451489\" data-element_type=\"widget\" data-widget_type=\"image.default\">\n\t\t\t\t<div class=\"elementor-widget-container\">\n\t\t\t<style>\/*! elementor - v3.23.0 - 05-08-2024 *\/\n.elementor-widget-image{text-align:center}.elementor-widget-image a{display:inline-block}.elementor-widget-image a img[src$=\".svg\"]{width:48px}.elementor-widget-image img{vertical-align:middle;display:inline-block}<\/style>\t\t\t\t\t\t\t\t\t\t<img fetchpriority=\"high\" decoding=\"async\" width=\"2085\" height=\"1584\" src=\"https:\/\/aventura.bastiaanlovers.com\/wp-content\/uploads\/2024\/08\/Over-ons-image-Geoffrey-Simone.jpg\" class=\"attachment-full size-full wp-image-3454\" alt=\"\" srcset=\"https:\/\/aventura.bastiaanlovers.com\/wp-content\/uploads\/2024\/08\/Over-ons-image-Geoffrey-Simone.jpg 2085w, https:\/\/aventura.bastiaanlovers.com\/wp-content\/uploads\/2024\/08\/Over-ons-image-Geoffrey-Simone-300x228.jpg 300w, https:\/\/aventura.bastiaanlovers.com\/wp-content\/uploads\/2024\/08\/Over-ons-image-Geoffrey-Simone-1024x778.jpg 1024w, https:\/\/aventura.bastiaanlovers.com\/wp-content\/uploads\/2024\/08\/Over-ons-image-Geoffrey-Simone-768x583.jpg 768w, https:\/\/aventura.bastiaanlovers.com\/wp-content\/uploads\/2024\/08\/Over-ons-image-Geoffrey-Simone-1536x1167.jpg 1536w, https:\/\/aventura.bastiaanlovers.com\/wp-content\/uploads\/2024\/08\/Over-ons-image-Geoffrey-Simone-2048x1556.jpg 2048w\" sizes=\"(max-width: 2085px) 100vw, 2085px\" title=\"\">\t\t\t\t\t\t\t\t\t\t\t\t\t<\/div>\n\t\t\t\t<\/div>\n\t\t\t\t<\/div>\n\t\t\t\t<\/div>\n\t\t\t\t<div class=\"elementor-element elementor-element-33a403f elementor-widget elementor-widget-text-editor\" data-id=\"33a403f\" data-element_type=\"widget\" data-widget_type=\"text-editor.default\">\n\t\t\t\t<div class=\"elementor-widget-container\">\n\t\t\t\t\t\t\t<p><span style=\"font-style: inherit; font-weight: inherit; font-family: var( --e-global-typography-text-font-family ), Sans-serif; text-align: var(--text-align); background-color: var(--ast-global-color-5); color: var( --e-global-color-text );\">Wir m\u00f6chten unsere Leidenschaft f\u00fcr Teppiche weitergeben und zeigen, wie sch\u00f6n ein Teppich sein kann. Dies ist nat\u00fcrlich nur mit H\u00e4ndlern m\u00f6glich, die von unseren Vertretern ausgew\u00e4hlt werden, mit denen wir eng und transparent auf sehr kurzen Wegen zusammenarbeiten, um eine perfekte Beratung zu gew\u00e4hrleisten.<\/span><\/p><p>Unser Ziel wird immer auf die Kernwerte ausgerichtet sein: ein St\u00fcck Qualit\u00e4t, das auch Komfort in einem perfekt verbindenden Design gew\u00e4hrleisten soll. Das ist die DNA, an der wir immer arbeiten und hoffentlich als Unternehmen in einer Welt weiter wachsen, in der man gerne immer Service zu seinen F\u00fc\u00dfen hat.<\/p><p>Mit freundlichen Gr\u00fc\u00dfen, <br \/>Geoffrey und Simone<\/p>\t\t\t\t\t\t<\/div>\n\t\t\t\t<\/div>\n\t\t\t\t<div class=\"elementor-element elementor-element-eaf4da9 elementor-widget elementor-widget-image\" data-id=\"eaf4da9\" data-element_type=\"widget\" data-widget_type=\"image.default\">\n\t\t\t\t<div class=\"elementor-widget-container\">\n\t\t\t\t\t\t\t\t\t\t\t\t\t<img decoding=\"async\" width=\"300\" height=\"68\" src=\"https:\/\/aventura.bastiaanlovers.com\/wp-content\/uploads\/2024\/08\/Aventura-Transparant-Logo-e1722876394306-250x57.png\" class=\"attachment-medium size-medium wp-image-30\" alt=\"\" srcset=\"https:\/\/aventura.bastiaanlovers.com\/wp-content\/uploads\/2024\/08\/Aventura-Transparant-Logo-e1722876394306-300x68.png 300w, https:\/\/aventura.bastiaanlovers.com\/wp-content\/uploads\/2024\/08\/Aventura-Transparant-Logo-e1722876394306-18x4.png 18w, https:\/\/aventura.bastiaanlovers.com\/wp-content\/uploads\/2024\/08\/Aventura-Transparant-Logo-e1722876394306-250x57.png 250w, https:\/\/aventura.bastiaanlovers.com\/wp-content\/uploads\/2024\/08\/Aventura-Transparant-Logo-e1722876394306.png 550w\" sizes=\"(max-width: 300px) 100vw, 300px\" title=\"\">\t\t\t\t\t\t\t\t\t\t\t\t\t<\/div>\n\t\t\t\t<\/div>\n\t\t\t\t\t<\/div>\n\t\t\t\t<\/div>\n\t\t<div class=\"elementor-element elementor-element-db75f30 e-flex e-con-boxed e-con e-parent\" data-id=\"db75f30\" data-element_type=\"container\" data-settings=\"{&quot;background_background&quot;:&quot;classic&quot;}\">\n\t\t\t\t\t<div class=\"e-con-inner\">\n\t\t<div class=\"elementor-element elementor-element-2963724 e-con-full e-flex e-con e-child\" data-id=\"2963724\" data-element_type=\"container\">\n\t\t<div class=\"elementor-element elementor-element-a40e14a e-con-full e-flex e-con e-child\" data-id=\"a40e14a\" data-element_type=\"container\">\n\t\t<div class=\"elementor-element elementor-element-9e60d42 e-con-full e-flex e-con e-child\" data-id=\"9e60d42\" data-element_type=\"container\">\n\t\t\t\t<div class=\"elementor-element elementor-element-b231391 elementor-widget elementor-widget-heading\" data-id=\"b231391\" data-element_type=\"widget\" data-widget_type=\"heading.default\">\n\t\t\t\t<div class=\"elementor-widget-container\">\n\t\t\t<h2 class=\"elementor-heading-title elementor-size-default\">Unsere DNA <\/h2>\t\t<\/div>\n\t\t\t\t<\/div>\n\t\t\t\t<div class=\"elementor-element elementor-element-850d64c elementor-widget elementor-widget-text-editor\" data-id=\"850d64c\" data-element_type=\"widget\" data-widget_type=\"text-editor.default\">\n\t\t\t\t<div class=\"elementor-widget-container\">\n\t\t\t\t\t\t\t<p>Lernen Sie unsere Grundwerte besser kennen und entdecken Sie die Leitprinzipien hinter fast allem, was wir tun.<\/p>\t\t\t\t\t\t<\/div>\n\t\t\t\t<\/div>\n\t\t\t\t<\/div>\n\t\t<div class=\"elementor-element elementor-element-aab4047 e-con-full e-flex e-con e-child\" data-id=\"aab4047\" data-element_type=\"container\">\n\t\t\t\t<div class=\"elementor-element elementor-element-26dd091 elementor-widget elementor-widget-heading\" data-id=\"26dd091\" data-element_type=\"widget\" data-widget_type=\"heading.default\">\n\t\t\t\t<div class=\"elementor-widget-container\">\n\t\t\t<h5 class=\"elementor-heading-title elementor-size-default\">Qualit\u00e4t<\/h5>\t\t<\/div>\n\t\t\t\t<\/div>\n\t\t\t\t<div class=\"elementor-element elementor-element-7d8e253 elementor-widget elementor-widget-text-editor\" data-id=\"7d8e253\" data-element_type=\"widget\" data-widget_type=\"text-editor.default\">\n\t\t\t\t<div class=\"elementor-widget-container\">\n\t\t\t\t\t\t\t<p>Nat\u00fcrlich ist Qualit\u00e4t immer ein Muss, egal ob es sich um die nat\u00fcrlichsten Materialien oder ein sch\u00f6nes, luxuri\u00f6ses synthetisches Garn handelt. Qualit\u00e4t hat mehrere Aspekte und muss auf Ihre Bed\u00fcrfnisse zugeschnitten sein. Wir helfen Ihnen dabei gerne mit einer ehrlichen und offenen Geschichte.<\/p>\t\t\t\t\t\t<\/div>\n\t\t\t\t<\/div>\n\t\t\t\t<div class=\"elementor-element elementor-element-c1b8dd0 elementor-widget-divider--view-line elementor-widget elementor-widget-divider\" data-id=\"c1b8dd0\" data-element_type=\"widget\" data-widget_type=\"divider.default\">\n\t\t\t\t<div class=\"elementor-widget-container\">\n\t\t\t\t\t<div class=\"elementor-divider\">\n\t\t\t<span class=\"elementor-divider-separator\">\n\t\t\t\t\t\t<\/span>\n\t\t<\/div>\n\t\t\t\t<\/div>\n\t\t\t\t<\/div>\n\t\t\t\t<div class=\"elementor-element elementor-element-1ffd14c elementor-widget elementor-widget-heading\" data-id=\"1ffd14c\" data-element_type=\"widget\" data-widget_type=\"heading.default\">\n\t\t\t\t<div class=\"elementor-widget-container\">\n\t\t\t<h5 class=\"elementor-heading-title elementor-size-default\">Gestaltung<\/h5>\t\t<\/div>\n\t\t\t\t<\/div>\n\t\t\t\t<div class=\"elementor-element elementor-element-e3fa620 elementor-widget elementor-widget-text-editor\" data-id=\"e3fa620\" data-element_type=\"widget\" data-widget_type=\"text-editor.default\">\n\t\t\t\t<div class=\"elementor-widget-container\">\n\t\t\t\t\t\t\t<p class=\"uagb-desc-text\">Ob es sich um einen einfachen handgewebten Wollteppich oder einen wundersch\u00f6nen organischen Teppich in verschiedenen Materialien, Farben und H\u00f6hen handelt: Design ist ein greifbares Konzept und sollte pers\u00f6nlich erlebt werden.<\/p>\t\t\t\t\t\t<\/div>\n\t\t\t\t<\/div>\n\t\t\t\t<div class=\"elementor-element elementor-element-3eab119 elementor-widget-divider--view-line elementor-widget elementor-widget-divider\" data-id=\"3eab119\" data-element_type=\"widget\" data-widget_type=\"divider.default\">\n\t\t\t\t<div class=\"elementor-widget-container\">\n\t\t\t\t\t<div class=\"elementor-divider\">\n\t\t\t<span class=\"elementor-divider-separator\">\n\t\t\t\t\t\t<\/span>\n\t\t<\/div>\n\t\t\t\t<\/div>\n\t\t\t\t<\/div>\n\t\t\t\t<div class=\"elementor-element elementor-element-f996f74 elementor-widget elementor-widget-heading\" data-id=\"f996f74\" data-element_type=\"widget\" data-widget_type=\"heading.default\">\n\t\t\t\t<div class=\"elementor-widget-container\">\n\t\t\t<h5 class=\"elementor-heading-title elementor-size-default\">Komfort<\/h5>\t\t<\/div>\n\t\t\t\t<\/div>\n\t\t\t\t<div class=\"elementor-element elementor-element-3b77963 elementor-widget elementor-widget-text-editor\" data-id=\"3b77963\" data-element_type=\"widget\" data-widget_type=\"text-editor.default\">\n\t\t\t\t<div class=\"elementor-widget-container\">\n\t\t\t\t\t\t\t<div class=\"wp-block-uagb-container uagb-block-610697dd alignfull uagb-is-root-container\"><div class=\"uagb-container-inner-blocks-wrap\"><div class=\"wp-block-uagb-container uagb-block-ba2de339\"><div class=\"wp-block-uagb-container uagb-block-513ad3e0\"><div class=\"wp-block-uagb-advanced-heading uagb-block-90ff965c\"><p class=\"uagb-desc-text\">Komfort entsteht, wenn die richtige Qualit\u00e4t im perfekten Design installiert wird, nach all dem Service durch unsere H\u00e4ndler. Erst dann kann man ihn wirklich genie\u00dfen. Unser Service h\u00f6rt nicht nach der Lieferung auf. Wenn Ihr Komfort aufgrund eines Problems mit dem gelieferten Teppich nachl\u00e4sst, geht unser Service nat\u00fcrlich weiter, und wir k\u00fcmmern uns so schnell wie m\u00f6glich darum.<\/p><\/div><\/div><\/div><\/div><\/div>\t\t\t\t\t\t<\/div>\n\t\t\t\t<\/div>\n\t\t\t\t<\/div>\n\t\t\t\t<\/div>\n\t\t\t\t<div class=\"elementor-element elementor-element-908a35c elementor-widget-divider--view-line elementor-widget elementor-widget-divider\" data-id=\"908a35c\" data-element_type=\"widget\" data-widget_type=\"divider.default\">\n\t\t\t\t<div class=\"elementor-widget-container\">\n\t\t\t\t\t<div class=\"elementor-divider\">\n\t\t\t<span class=\"elementor-divider-separator\">\n\t\t\t\t\t\t<\/span>\n\t\t<\/div>\n\t\t\t\t<\/div>\n\t\t\t\t<\/div>\n\t\t<div class=\"elementor-element elementor-element-2c679fb e-con-full e-flex e-con e-child\" data-id=\"2c679fb\" data-element_type=\"container\">\n\t\t<div class=\"elementor-element elementor-element-3ed2990 e-con-full e-flex e-con e-child\" data-id=\"3ed2990\" data-element_type=\"container\">\n\t\t<div class=\"elementor-element elementor-element-2e9b707 e-con-full e-flex e-con e-child\" data-id=\"2e9b707\" data-element_type=\"container\">\n\t\t\t\t<div class=\"elementor-element elementor-element-9e25891 elementor-widget elementor-widget-text-editor\" data-id=\"9e25891\" data-element_type=\"widget\" data-widget_type=\"text-editor.default\">\n\t\t\t\t<div class=\"elementor-widget-container\">\n\t\t\t\t\t\t\t<p><span style=\"color: #bebdbd;\"><span style=\"color: #000000;\">Bleiben Sie dran f\u00fcr\u00a0<\/span>\u00a0<img decoding=\"async\" class=\"Aventuralogo alignnone wp-image-30\" src=\"https:\/\/aventura.bastiaanlovers.com\/wp-content\/uploads\/2024\/08\/Aventura-Transparant-Logo-e1722876394306-300x68.png\" alt=\"\" width=\"200\" height=\"45\" title=\"\" srcset=\"https:\/\/aventura.bastiaanlovers.com\/wp-content\/uploads\/2024\/08\/Aventura-Transparant-Logo-e1722876394306-300x68.png 300w, https:\/\/aventura.bastiaanlovers.com\/wp-content\/uploads\/2024\/08\/Aventura-Transparant-Logo-e1722876394306-18x4.png 18w, https:\/\/aventura.bastiaanlovers.com\/wp-content\/uploads\/2024\/08\/Aventura-Transparant-Logo-e1722876394306-250x57.png 250w, https:\/\/aventura.bastiaanlovers.com\/wp-content\/uploads\/2024\/08\/Aventura-Transparant-Logo-e1722876394306.png 550w\" sizes=\"(max-width: 200px) 100vw, 200px\" \/><\/span><\/p>\t\t\t\t\t\t<\/div>\n\t\t\t\t<\/div>\n\t\t\t\t<\/div>\n\t\t<div class=\"elementor-element elementor-element-c9d980f e-con-full e-flex e-con e-child\" data-id=\"c9d980f\" data-element_type=\"container\">\n\t\t\t\t<div class=\"elementor-element elementor-element-d74bd30 elementor-widget elementor-widget-button\" data-id=\"d74bd30\" data-element_type=\"widget\" data-widget_type=\"button.default\">\n\t\t\t\t<div class=\"elementor-widget-container\">\n\t\t\t\t\t<div class=\"elementor-button-wrapper\">\n\t\t\t<a class=\"elementor-button elementor-button-link elementor-size-sm\" href=\"#elementor-action%3Aaction%3Dpopup%3Aopen%26settings%3DeyJpZCI6IjI0MjMiLCJ0b2dnbGUiOmZhbHNlfQ%3D%3D\">\n\t\t\t\t\t\t<span class=\"elementor-button-content-wrapper\">\n\t\t\t\t\t\t<span class=\"elementor-button-icon\">\n\t\t\t\t<svg aria-hidden=\"true\" class=\"e-font-icon-svg e-far-arrow-alt-circle-right\" viewbox=\"0 0 512 512\" xmlns=\"http:\/\/www.w3.org\/2000\/svg\"><path d=\"M504 256C504 119 393 8 256 8S8 119 8 256s111 248 248 248 248-111 248-248zm-448 0c0-110.5 89.5-200 200-200s200 89.5 200 200-89.5 200-200 200S56 366.5 56 256zm72 20v-40c0-6.6 5.4-12 12-12h116v-67c0-10.7 12.9-16 20.5-8.5l99 99c4.7 4.7 4.7 12.3 0 17l-99 99c-7.6 7.6-20.5 2.2-20.5-8.5v-67H140c-6.6 0-12-5.4-12-12z\"><\/path><\/svg>\t\t\t<\/span>\n\t\t\t\t\t\t\t\t\t<span class=\"elementor-button-text\">Teilen Sie Ihre E-Mail-Adresse<\/span>\n\t\t\t\t\t<\/span>\n\t\t\t\t\t<\/a>\n\t\t<\/div>\n\t\t\t\t<\/div>\n\t\t\t\t<\/div>\n\t\t\t\t<\/div>\n\t\t\t\t<\/div>\n\t\t\t\t<\/div>\n\t\t\t\t<\/div>\n\t\t\t\t\t<\/div>\n\t\t\t\t<\/div>\n\t\t\t\t<\/div>","protected":false},"excerpt":{"rendered":"<p>Over Ons Mijn naam is Geoffrey van Bolhuis, getrouwd met Simone en allebei even jong, 56 jaar, met gezamenlijk 2 dochters, een lieve schoondochter en ook al een hele lieve schoonzoon. Het geheel wordt bij elkaar gehouden door 2 honden, en samen vormen wij dus &#8220;Casa di Zoetermeer.&#8221; Wij zijn sinds 2013 zakelijk met elkaar [&hellip;]<\/p>","protected":false},"author":1,"featured_media":3454,"parent":0,"menu_order":0,"comment_status":"closed","ping_status":"closed","template":"","meta":{"site-sidebar-layout":"no-sidebar","site-content-layout":"page-builder","ast-site-content-layout":"full-width-container","site-content-style":"unboxed","site-sidebar-style":"unboxed","ast-global-header-display":"","ast-banner-title-visibility":"","ast-main-header-display":"","ast-hfb-above-header-display":"","ast-hfb-below-header-display":"","ast-hfb-mobile-header-display":"","site-post-title":"disabled","ast-breadcrumbs-content":"","ast-featured-img":"disabled","footer-sml-layout":"","theme-transparent-header-meta":"","adv-header-id-meta":"","stick-header-meta":"","header-above-stick-meta":"","header-main-stick-meta":"","header-below-stick-meta":"","astra-migrate-meta-layouts":"set","ast-page-background-enabled":"default","ast-page-background-meta":{"desktop":{"background-color":"var(--ast-global-color-4)","background-image":"","background-repeat":"repeat","background-position":"center center","background-size":"auto","background-attachment":"scroll","background-type":"","background-media":"","overlay-type":"","overlay-color":"","overlay-opacity":"","overlay-gradient":""},"tablet":{"background-color":"","background-image":"","background-repeat":"repeat","background-position":"center center","background-size":"auto","background-attachment":"scroll","background-type":"","background-media":"","overlay-type":"","overlay-color":"","overlay-opacity":"","overlay-gradient":""},"mobile":{"background-color":"","background-image":"","background-repeat":"repeat","background-position":"center center","background-size":"auto","background-attachment":"scroll","background-type":"","background-media":"","overlay-type":"","overlay-color":"","overlay-opacity":"","overlay-gradient":""}},"ast-content-background-meta":{"desktop":{"background-color":"var(--ast-global-color-5)","background-image":"","background-repeat":"repeat","background-position":"center center","background-size":"auto","background-attachment":"scroll","background-type":"","background-media":"","overlay-type":"","overlay-color":"","overlay-opacity":"","overlay-gradient":""},"tablet":{"background-color":"var(--ast-global-color-5)","background-image":"","background-repeat":"repeat","background-position":"center center","background-size":"auto","background-attachment":"scroll","background-type":"","background-media":"","overlay-type":"","overlay-color":"","overlay-opacity":"","overlay-gradient":""},"mobile":{"background-color":"var(--ast-global-color-5)","background-image":"","background-repeat":"repeat","background-position":"center center","background-size":"auto","background-attachment":"scroll","background-type":"","background-media":"","overlay-type":"","overlay-color":"","overlay-opacity":"","overlay-gradient":""}},"footnotes":""},"class_list":["post-471","page","type-page","status-publish","has-post-thumbnail","hentry"],"_links":{"self":[{"href":"https:\/\/aventura.bastiaanlovers.com\/de\/wp-json\/wp\/v2\/pages\/471","targetHints":{"allow":["GET"]}}],"collection":[{"href":"https:\/\/aventura.bastiaanlovers.com\/de\/wp-json\/wp\/v2\/pages"}],"about":[{"href":"https:\/\/aventura.bastiaanlovers.com\/de\/wp-json\/wp\/v2\/types\/page"}],"author":[{"embeddable":true,"href":"https:\/\/aventura.bastiaanlovers.com\/de\/wp-json\/wp\/v2\/users\/1"}],"replies":[{"embeddable":true,"href":"https:\/\/aventura.bastiaanlovers.com\/de\/wp-json\/wp\/v2\/comments?post=471"}],"version-history":[{"count":86,"href":"https:\/\/aventura.bastiaanlovers.com\/de\/wp-json\/wp\/v2\/pages\/471\/revisions"}],"predecessor-version":[{"id":3564,"href":"https:\/\/aventura.bastiaanlovers.com\/de\/wp-json\/wp\/v2\/pages\/471\/revisions\/3564"}],"wp:featuredmedia":[{"embeddable":true,"href":"https:\/\/aventura.bastiaanlovers.com\/de\/wp-json\/wp\/v2\/media\/3454"}],"wp:attachment":[{"href":"https:\/\/aventura.bastiaanlovers.com\/de\/wp-json\/wp\/v2\/media?parent=471"}],"curies":[{"name":"wp","href":"https:\/\/api.w.org\/{rel}","templated":true}]}}